{"id":844,"date":"2022-09-30T17:56:44","date_gmt":"2022-09-30T17:56:44","guid":{"rendered":"https:\/\/avadawebsites.wpengine.com\/business\/?page_id=844"},"modified":"2024-05-29T17:25:30","modified_gmt":"2024-05-29T17:25:30","slug":"karriere","status":"publish","type":"page","link":"https:\/\/www.amg-engineers.com\/en\/karriere\/","title":{"rendered":"Career"},"content":{"rendered":"<p><div class=\"fusion-fullwidth fullwidth-box fusion-builder-row-1 fusion-flex-container has-pattern-background has-mask-background nonhundred-percent-fullwidth non-hundred-percent-height-scrolling\" style=\"--awb-border-radius-top-left:0px;--awb-border-radius-top-right:0px;--awb-border-radius-bottom-right:0px;--awb-border-radius-bottom-left:0px;--awb-margin-top:60px;--awb-flex-wrap:wrap;\" ><div class=\"fusion-builder-row fusion-row fusion-flex-align-items-flex-start fusion-flex-content-wrap\" style=\"max-width:1372.8px;margin-left: calc(-4% \/ 2 );margin-right: calc(-4% \/ 2 );\"><div class=\"fusion-layout-column fusion_builder_column fusion-builder-column-0 fusion_builder_column_1_2 1_2 fusion-flex-column\" style=\"--awb-bg-size:cover;--awb-transform:translateX(0px);--awb-transform-hover:translateX(15px);--awb-width-large:50%;--awb-margin-top-large:0px;--awb-spacing-right-large:3.84%;--awb-margin-bottom-large:0px;--awb-spacing-left-large:3.84%;--awb-width-medium:50%;--awb-order-medium:0;--awb-spacing-right-medium:3.84%;--awb-spacing-left-medium:3.84%;--awb-width-small:100%;--awb-order-small:2;--awb-spacing-right-small:1.92%;--awb-spacing-left-small:1.92%;\"><div class=\"fusion-column-wrapper fusion-column-has-shadow fusion-flex-justify-content-flex-start fusion-content-layout-column\"><div class=\"fusion-image-element\" style=\"--awb-aspect-ratio: 100 \/ 61;--awb-object-position:52% 22%;--awb-caption-title-color:hsla(var(--awb-color1-h),var(--awb-color1-s),var(--awb-color1-l),calc(var(--awb-color1-a) - 100%));--awb-caption-overlay-color:hsla(var(--awb-color1-h),var(--awb-color1-s),calc(var(--awb-color1-l) - 100%),calc(var(--awb-color1-a) - 50%));--awb-caption-title-font-family:var(--h2_typography-font-family);--awb-caption-title-font-weight:var(--h2_typography-font-weight);--awb-caption-title-font-style:var(--h2_typography-font-style);--awb-caption-title-size:var(--h2_typography-font-size);--awb-caption-title-transform:var(--h2_typography-text-transform);--awb-caption-title-line-height:var(--h2_typography-line-height);--awb-caption-title-letter-spacing:var(--h2_typography-letter-spacing);\"><span class=\"fusion-imageframe imageframe-none imageframe-1 hover-type-none has-aspect-ratio\" style=\"border-radius:0px 0px 50px 0px;\"><img decoding=\"async\" width=\"3508\" height=\"2480\" title=\"1\" src=\"https:\/\/www.amg-engineers.com\/wp-content\/uploads\/2024\/01\/1.png\" data-orig-src=\"https:\/\/www.amg-engineers.com\/wp-content\/uploads\/2024\/01\/1.png\" class=\"lazyload img-responsive wp-image-3299 img-with-aspect-ratio\" alt srcset=\"data:image\/svg+xml,%3Csvg%20xmlns%3D%27http%3A%2F%2Fwww.w3.org%2F2000%2Fsvg%27%20width%3D%273508%27%20height%3D%272480%27%20viewBox%3D%270%200%203508%202480%27%3E%3Crect%20width%3D%273508%27%20height%3D%272480%27%20fill-opacity%3D%220%22%2F%3E%3C%2Fsvg%3E\" data-srcset=\"https:\/\/www.amg-engineers.com\/wp-content\/uploads\/2024\/01\/1-200x141.png 200w, https:\/\/www.amg-engineers.com\/wp-content\/uploads\/2024\/01\/1-400x283.png 400w, https:\/\/www.amg-engineers.com\/wp-content\/uploads\/2024\/01\/1-600x424.png 600w, https:\/\/www.amg-engineers.com\/wp-content\/uploads\/2024\/01\/1-800x566.png 800w, https:\/\/www.amg-engineers.com\/wp-content\/uploads\/2024\/01\/1-1200x848.png 1200w, https:\/\/www.amg-engineers.com\/wp-content\/uploads\/2024\/01\/1.png 3508w\" data-sizes=\"auto\" data-orig-sizes=\"(max-width: 850px) 100vw, 800px\" \/><\/span><\/div><\/div><\/div><div class=\"fusion-layout-column fusion_builder_column fusion-builder-column-1 fusion_builder_column_1_1 1_1 fusion-flex-column fusion-flex-align-self-center\" style=\"--awb-padding-left:50px;--awb-padding-right-small:0px;--awb-padding-left-small:0px;--awb-bg-size:cover;--awb-width-large:100%;--awb-margin-top-large:0px;--awb-spacing-right-large:1.92%;--awb-margin-bottom-large:0px;--awb-spacing-left-large:1.92%;--awb-width-medium:100%;--awb-order-medium:0;--awb-spacing-right-medium:1.92%;--awb-spacing-left-medium:1.92%;--awb-width-small:100%;--awb-order-small:1;--awb-spacing-right-small:1.92%;--awb-margin-bottom-small:60px;--awb-spacing-left-small:1.92%;\"><div class=\"fusion-column-wrapper fusion-column-has-shadow fusion-flex-justify-content-flex-start fusion-content-layout-column\"><div class=\"fusion-text fusion-text-1 fusion-text-no-margin\" style=\"--awb-font-size:19px;--awb-text-transform:capitalize;--awb-text-color:var(--awb-color5);--awb-margin-bottom:0px;\"><h5 class=\"t-16 t-bold t-black mr2\">Leidenschaftlich \u2013 Engagiert \u2013 Professionell<\/h5>\n<\/div><div class=\"fusion-separator\" style=\"align-self: flex-start;margin-right:auto;width:100%;max-width:282px;\"><div class=\"fusion-separator-border sep-single sep-dotted\" style=\"--awb-height:20px;--awb-amount:20px;--awb-sep-color:var(--awb-color4);border-color:var(--awb-color4);border-top-width:1px;\"><\/div><\/div><div class=\"fusion-title title fusion-title-1 fusion-sep-none fusion-title-text fusion-title-size-two\" style=\"--awb-margin-top:20px;\"><h2 class=\"fusion-title-heading title-heading-left\" style=\"margin:0;\"><h1 class=\"t-16 t-bold t-black mr2\">SE-Teamleiter im Bereich Interieur Sitze (m\/w\/x)<\/h1><\/h2><\/div><div class=\"fusion-text fusion-text-2 fusion-text-no-margin\" style=\"--awb-margin-top:6px;--awb-margin-bottom:30px;\"><p>Wir suchen einen engagierten SE-Teamleiter f\u00fcr den Bereich Sitze im Fahrzeug bei BMW. Der ideale Kandidat verf\u00fcgt \u00fcber Erfahrung im BMW Umfeld sowie als Projektleiter. Gute Deutsch-und Englischkenntnisse sind erforderlich, ebenso wie ein abgeschlossenes Studium als Maschinenbauingenieur oder in einem \u00e4hnlichen Bereich. Wenn Sie eine Leidenschaft f\u00fcr Automobiltechnik haben und bereit sind, in einem dynamischen Umfeld zu arbeiten, freuen wir uns auf Ihre Bewerbung.<\/p>\n<p><strong>Aufgabenbereiche<\/strong><\/p>\n<p>Zu den Aufgaben geh\u00f6ren die Verantwortung f\u00fcr Technik, Design, Qualit\u00e4t, Kosten und Termine, die Leitung der Lieferanten von der Konzeptentwicklung bis zur Produktionsreife, die Umsetzung der Spezifikationen aus den Lastenheften in Meilensteine, die Freigabe von Daten in der geforderten Qualit\u00e4t w\u00e4hrend des Bauprozesses, die Bewertung von Konzepten zur Plausibilisierung der bereitgestellten Daten sowie die Planung, Organisation und Koordination des \u00c4nderungsmanagements und der Schnittstellen.<\/p>\n<p><strong>Qualifikationen<\/strong><\/p>\n<p>Wir suchen Kandidaten mit einem abgeschlossenen technischen Studium oder einer technischen Weiterbildung, Erfahrung in der Projektarbeit (idealerweise im Interieur mit Verbindungen zum Airbag), Kenntnissen der Prozesse, Anforderungen und Gremien bei BMW, Kenntnissen in MS Office, Catia V5 und Kunden-\/Projekttools, einem hohen Ma\u00df an Eigeninitiative, Engagement und Organisationstalent, Entscheidungs- und Konfliktl\u00f6sungsf\u00e4higkeit sowie strukturiertem, l\u00f6sungsorientiertem und eigenverantwortlichem Arbeiten. Ein hohes technisches Verst\u00e4ndnis zur Analyse von Einfl\u00fcssen im \u00c4nderungsprozess sowie verhandlungssichere Deutsch- und Englischkenntnisse in Wort und Schrift sind ebenfalls erforderlich.)<\/p>\n<\/div><div ><a class=\"fusion-button button-flat fusion-button-default-size button-custom fusion-button-default button-1 fusion-button-default-span fusion-button-default-type\" style=\"--button_bevel_color:var(--awb-color5);--button_bevel_color_hover:var(--awb-color8);--button_accent_color:var(--awb-color1);--button_border_color:var(--awb-color5);--button_accent_hover_color:var(--awb-color1);--button_border_hover_color:var(--awb-color6);--button_border_width-top:2px;--button_border_width-right:2px;--button_border_width-bottom:2px;--button_border_width-left:2px;--button_gradient_top_color:var(--awb-color5);--button_gradient_bottom_color:var(--awb-color5);--button_gradient_top_color_hover:var(--awb-color6);--button_gradient_bottom_color_hover:var(--awb-color6);--button_text_transform:var(--awb-typography3-text-transform);--button_font_size:var(--awb-typography3-font-size);--button_line_height:var(--awb-typography3-line-height);--button_padding-top:20px;--button_padding-right:40px;--button_padding-bottom:20px;--button_padding-left:40px;--button_typography-letter-spacing:var(--awb-typography3-letter-spacing);--button_typography-font-family:var(--awb-typography3-font-family);--button_typography-font-weight:var(--awb-typography3-font-weight);--button_typography-font-style:var(--awb-typography3-font-style);--button_margin-top:40px;\" target=\"_self\" href=\"https:\/\/www.amg-engineers.com\/en\/kontakt\/\"><span class=\"fusion-button-text\">Apply here<\/span><i class=\"awb-business-long-arrow-alt-right-solid button-icon-right\" aria-hidden=\"true\"><\/i><\/a><\/div><\/div><\/div><\/div><\/div><div class=\"fusion-fullwidth fullwidth-box fusion-builder-row-2 fusion-flex-container has-pattern-background has-mask-background nonhundred-percent-fullwidth non-hundred-percent-height-scrolling\" style=\"--awb-border-radius-top-left:0px;--awb-border-radius-top-right:0px;--awb-border-radius-bottom-right:0px;--awb-border-radius-bottom-left:0px;--awb-flex-wrap:wrap;\" ><div class=\"fusion-builder-row fusion-row fusion-flex-align-items-flex-start fusion-flex-content-wrap\" style=\"max-width:1372.8px;margin-left: calc(-4% \/ 2 );margin-right: calc(-4% \/ 2 );\"><div class=\"fusion-layout-column fusion_builder_column fusion-builder-column-2 fusion_builder_column_1_1 1_1 fusion-flex-column\" style=\"--awb-bg-size:cover;--awb-width-large:100%;--awb-margin-top-large:0px;--awb-spacing-right-large:1.92%;--awb-margin-bottom-large:20px;--awb-spacing-left-large:1.92%;--awb-width-medium:100%;--awb-order-medium:0;--awb-spacing-right-medium:1.92%;--awb-spacing-left-medium:1.92%;--awb-width-small:100%;--awb-order-small:0;--awb-spacing-right-small:1.92%;--awb-spacing-left-small:1.92%;\"><div class=\"fusion-column-wrapper fusion-column-has-shadow fusion-flex-justify-content-flex-start fusion-content-layout-column\"><\/div><\/div><\/div><\/div><\/p>","protected":false},"excerpt":{"rendered":"","protected":false},"author":2,"featured_media":0,"parent":0,"menu_order":0,"comment_status":"closed","ping_status":"closed","template":"100-width.php","meta":{"footnotes":""},"class_list":["post-844","page","type-page","status-publish","hentry"],"acf":[],"yoast_head":"<!-- This site is optimized with the Yoast SEO plugin v22.0 - https:\/\/yoast.com\/wordpress\/plugins\/seo\/ -->\n<title>Karriere - AMG Engineers<\/title>\n<meta name=\"robots\" content=\"index, follow, max-snippet:-1, max-image-preview:large, max-video-preview:-1\" \/>\n<link rel=\"canonical\" href=\"https:\/\/www.amg-engineers.com\/en\/karriere\/\" \/>\n<meta property=\"og:locale\" content=\"en_US\" \/>\n<meta property=\"og:type\" content=\"article\" \/>\n<meta property=\"og:title\" content=\"Karriere - AMG Engineers\" \/>\n<meta property=\"og:url\" content=\"https:\/\/www.amg-engineers.com\/en\/karriere\/\" \/>\n<meta property=\"og:site_name\" content=\"AMG Engineers\" \/>\n<meta property=\"article:modified_time\" content=\"2024-05-29T17:25:30+00:00\" \/>\n<meta name=\"twitter:card\" content=\"summary_large_image\" \/>\n<meta name=\"twitter:label1\" content=\"Est. reading time\" \/>\n\t<meta name=\"twitter:data1\" content=\"2 minutes\" \/>\n<script type=\"application\/ld+json\" class=\"yoast-schema-graph\">{\"@context\":\"https:\/\/schema.org\",\"@graph\":[{\"@type\":\"WebPage\",\"@id\":\"https:\/\/www.amg-engineers.com\/karriere\/\",\"url\":\"https:\/\/www.amg-engineers.com\/karriere\/\",\"name\":\"Karriere - AMG Engineers\",\"isPartOf\":{\"@id\":\"https:\/\/www.amg-engineers.com\/#website\"},\"datePublished\":\"2022-09-30T17:56:44+00:00\",\"dateModified\":\"2024-05-29T17:25:30+00:00\",\"breadcrumb\":{\"@id\":\"https:\/\/www.amg-engineers.com\/karriere\/#breadcrumb\"},\"inLanguage\":\"en-US\",\"potentialAction\":[{\"@type\":\"ReadAction\",\"target\":[\"https:\/\/www.amg-engineers.com\/karriere\/\"]}]},{\"@type\":\"BreadcrumbList\",\"@id\":\"https:\/\/www.amg-engineers.com\/karriere\/#breadcrumb\",\"itemListElement\":[{\"@type\":\"ListItem\",\"position\":1,\"name\":\"Home\",\"item\":\"https:\/\/www.amg-engineers.com\/\"},{\"@type\":\"ListItem\",\"position\":2,\"name\":\"Karriere\"}]},{\"@type\":\"WebSite\",\"@id\":\"https:\/\/www.amg-engineers.com\/#website\",\"url\":\"https:\/\/www.amg-engineers.com\/\",\"name\":\"AMG Engineers\",\"description\":\"Dienstleistungen mit \u00fcber 10 Jahren Erfahrung im Bereich Fahrzeugsitze.\",\"potentialAction\":[{\"@type\":\"SearchAction\",\"target\":{\"@type\":\"EntryPoint\",\"urlTemplate\":\"https:\/\/www.amg-engineers.com\/?s={search_term_string}\"},\"query-input\":\"required name=search_term_string\"}],\"inLanguage\":\"en-US\"}]}<\/script>\n<!-- \/ Yoast SEO plugin. -->","yoast_head_json":{"title":"Karriere - AMG Engineers","robots":{"index":"index","follow":"follow","max-snippet":"max-snippet:-1","max-image-preview":"max-image-preview:large","max-video-preview":"max-video-preview:-1"},"canonical":"https:\/\/www.amg-engineers.com\/en\/karriere\/","og_locale":"en_US","og_type":"article","og_title":"Karriere - AMG Engineers","og_url":"https:\/\/www.amg-engineers.com\/en\/karriere\/","og_site_name":"AMG Engineers","article_modified_time":"2024-05-29T17:25:30+00:00","twitter_card":"summary_large_image","twitter_misc":{"Est. reading time":"2 minutes"},"schema":{"@context":"https:\/\/schema.org","@graph":[{"@type":"WebPage","@id":"https:\/\/www.amg-engineers.com\/karriere\/","url":"https:\/\/www.amg-engineers.com\/karriere\/","name":"Karriere - AMG Engineers","isPartOf":{"@id":"https:\/\/www.amg-engineers.com\/#website"},"datePublished":"2022-09-30T17:56:44+00:00","dateModified":"2024-05-29T17:25:30+00:00","breadcrumb":{"@id":"https:\/\/www.amg-engineers.com\/karriere\/#breadcrumb"},"inLanguage":"en-US","potentialAction":[{"@type":"ReadAction","target":["https:\/\/www.amg-engineers.com\/karriere\/"]}]},{"@type":"BreadcrumbList","@id":"https:\/\/www.amg-engineers.com\/karriere\/#breadcrumb","itemListElement":[{"@type":"ListItem","position":1,"name":"Home","item":"https:\/\/www.amg-engineers.com\/"},{"@type":"ListItem","position":2,"name":"Karriere"}]},{"@type":"WebSite","@id":"https:\/\/www.amg-engineers.com\/#website","url":"https:\/\/www.amg-engineers.com\/","name":"AMG Engineers","description":"Dienstleistungen mit \u00fcber 10 Jahren Erfahrung im Bereich Fahrzeugsitze.","potentialAction":[{"@type":"SearchAction","target":{"@type":"EntryPoint","urlTemplate":"https:\/\/www.amg-engineers.com\/?s={search_term_string}"},"query-input":"required name=search_term_string"}],"inLanguage":"en-US"}]}},"_links":{"self":[{"href":"https:\/\/www.amg-engineers.com\/en\/wp-json\/wp\/v2\/pages\/844","targetHints":{"allow":["GET"]}}],"collection":[{"href":"https:\/\/www.amg-engineers.com\/en\/wp-json\/wp\/v2\/pages"}],"about":[{"href":"https:\/\/www.amg-engineers.com\/en\/wp-json\/wp\/v2\/types\/page"}],"author":[{"embeddable":true,"href":"https:\/\/www.amg-engineers.com\/en\/wp-json\/wp\/v2\/users\/2"}],"replies":[{"embeddable":true,"href":"https:\/\/www.amg-engineers.com\/en\/wp-json\/wp\/v2\/comments?post=844"}],"version-history":[{"count":6,"href":"https:\/\/www.amg-engineers.com\/en\/wp-json\/wp\/v2\/pages\/844\/revisions"}],"predecessor-version":[{"id":3502,"href":"https:\/\/www.amg-engineers.com\/en\/wp-json\/wp\/v2\/pages\/844\/revisions\/3502"}],"wp:attachment":[{"href":"https:\/\/www.amg-engineers.com\/en\/wp-json\/wp\/v2\/media?parent=844"}],"curies":[{"name":"wp","href":"https:\/\/api.w.org\/{rel}","templated":true}]}}